{"id":12603,"date":"2021-01-13T12:30:58","date_gmt":"2021-01-13T11:30:58","guid":{"rendered":"https:\/\/www.elsacramento.com\/politica-de-cookies\/"},"modified":"2022-02-07T09:45:54","modified_gmt":"2022-02-07T08:45:54","slug":"politica-de-cookies","status":"publish","type":"page","link":"https:\/\/www.elsacramento.com\/en\/politica-de-cookies\/","title":{"rendered":"Cookies policy"},"content":{"rendered":"<section class=\"wpb-content-wrapper\"><p>[vc_row][vc_column][vc_column_text]El dominio www.elsacramento.com utiliza procedimientos de recogida autom\u00e1tica (Cookies) para recabar informaci\u00f3n de car\u00e1cter personal como el tipo de navegador o sistema operativo, p\u00e1gina de referencia, ruta, dominio ISP (Internet Service Provider), etc. todo ello con el fin de mejorar los servicios prestados. Las cookies nos ayudan a adaptar este sitio web a sus necesidades personales.<\/p>\n<p>Una &#8220;Cookie&#8221; es un peque\u00f1o archivo que se almacena en la computadora del usuario y nos permite reconocer al usuario. El conjunto de &#8220;cookies&#8221; nos ayuda a mejorar la calidad de nuestro sitio web, permiti\u00e9ndonos personalizar en cierta medida la navegaci\u00f3n de cada usuario por nuestro sitio web. Las cookies actualmente son esenciales para el funcionamiento de Internet, aportando innumerables ventajas en la prestaci\u00f3n de servicios interactivos, facilit\u00e1ndole la navegaci\u00f3n y usabilidad de nuestra web.<\/p>\n<p>Tenga en cuenta que las cookies no pueden da\u00f1ar su equipo y que, a cambio, el hecho de que est\u00e9n habilitadas nos ayuda a identificar y resolver errores y mejorar la navegabilidad de nuestro sitio.<\/p>\n<p>Tipos de cookies:<\/p>\n<p>Desde el punto de vista de la &#8220;vida&#8221; de la cookie (tiempo que la cookie permanece activa en nuestro equipo) podemos diferenciar las cookies entre:<\/p>\n<p>&#8211; Cookies de sesi\u00f3n: son cookies temporales que permanecen en el archivo de cookies de su navegador hasta que abandone la p\u00e1gina web, por lo que ninguna queda registrada en el disco duro del usuario. La informaci\u00f3n obtenida a trav\u00e9s de estas cookies se utiliza para analizar patrones de tr\u00e1fico web. A la larga, esto nos permite brindar una mejor experiencia para mejorar el contenido y facilitar su uso.<br \/>\n&#8211; Cookies persistentes: se almacenan en su disco duro y son le\u00eddas por nuestro sitio web cada vez que realiza una nueva visita. Una cookie persistente tiene una fecha de caducidad establecida. La cookie dejar\u00e1 de funcionar despu\u00e9s de esa fecha. Generalmente los usamos para facilitar los servicios de compra y registro.<\/p>\n<p>Desde el punto de vista del uso de cada cookie, podemos diferenciar entre:<\/p>\n<p>&#8211; Cookies Requeridas: son aquellas estrictamente necesarias como, por ejemplo, las que sirven para la correcta navegaci\u00f3n o las que permiten realizar el pago de bienes o servicios solicitados por el usuario o las que sirven para que el contenido de el sitio web se carga de manera eficiente.<\/p>\n<p>Dentro de la categor\u00eda de cookies obligatorias, tambi\u00e9n se pueden encontrar cookies con las siguientes finalidades:<br \/>\n&#8211; Permitir \u00fanicamente la comunicaci\u00f3n entre el equipo del usuario y la red.<br \/>\n&#8211; Estrictamente para prestar un servicio expresamente solicitado por el usuario.<br \/>\nEn estos dos casos, le informamos que no se requiere la informaci\u00f3n y el consentimiento del usuario para la instalaci\u00f3n de las mencionadas cookies. En concreto, seg\u00fan el Grupo de Trabajo de Expertos de la UE, en el art\u00edculo 29 de su Dictamen 4\/20123, ha interpretado que se except\u00faan de las cookies aquellas cuya finalidad:<\/p>\n<p>&#8211; Cookies de &#8220;entrada de usuario&#8221;<br \/>\n&#8211; Cookies de autenticaci\u00f3n o identificaci\u00f3n del usuario (solo cookies de sesi\u00f3n).<br \/>\n&#8211; Cookies de seguridad del usuario<br \/>\n&#8211; Cookies de sesi\u00f3n del reproductor multimedia<br \/>\n&#8211; Cookies de sesi\u00f3n para equilibrar la carga<br \/>\n&#8211; Cookies de personalizaci\u00f3n de la interfaz de usuario<br \/>\n&#8211; Cookies de complemento para compartir contenido social<\/p>\n<p>Para el resto de cookies no incluidas en los casos anteriores se requerir\u00e1 la previa informaci\u00f3n y consentimiento del usuario.<\/p>\n<p>Cookies funcionales: Son cookies que ayudan al usuario a tener una mejor experiencia de navegaci\u00f3n en el sitio web. Un ejemplo del uso de este tipo de cookies son las que se utilizan para almacenar datos de navegaci\u00f3n para un idioma concreto.<br \/>\nCookies anal\u00edticas: son aquellas que nos permiten analizar el uso del Sitio Web, de forma que podamos medir y mejorar su funcionamiento.<br \/>\nCookies de publicidad y de terceros: son cookies utilizadas por redes sociales o por complementos de contenido externo, como Google Maps, as\u00ed como cookies de empresas de publicidad para publicar anuncios relevantes para sus intereses.<br \/>\nAlmacena toda la informaci\u00f3n recogida a trav\u00e9s de las Cookies en un formato no personalizado (direcci\u00f3n IP). Este tipo de informaci\u00f3n obtenida a trav\u00e9s de las Cookies no ser\u00e1 divulgada fuera de , ni utilizada para comunicaciones no solicitadas.<br \/>\nAppropriate Privacy &#8211; Cookie Management:<\/p>\n<p>Si el usuario lo desea, el registro de cookies puede estar sujeto a su aceptaci\u00f3n durante la instalaci\u00f3n o actualizaci\u00f3n del navegador utilizado. El usuario podr\u00e1 en cualquier momento revocar su aceptaci\u00f3n mediante las opciones de configuraci\u00f3n de contenidos y privacidad disponibles en cada navegador. No obstante, si el usuario no permite la instalaci\u00f3n de cookies en su navegador es posible que no pueda acceder a algunas de las secciones de nuestro sitio web.<\/p>\n<p>Para m\u00e1s informaci\u00f3n sobre la configuraci\u00f3n adecuada de las cookies y las opciones para activarlas, restringirlas y\/o deshabilitarlas, por favor consulte la secci\u00f3n de ayuda de su navegador para saber m\u00e1s:<\/p>\n<p>M\u00e1s informaci\u00f3n sobre c\u00f3mo bloquear el uso de cookies en Google Chrome.<br \/>\nM\u00e1s informaci\u00f3n sobre c\u00f3mo bloquear el uso de cookies en Firefox<br \/>\nM\u00e1s informaci\u00f3n sobre c\u00f3mo bloquear el uso de cookies en Internet Explorer<br \/>\nM\u00e1s informaci\u00f3n sobre c\u00f3mo bloquear el uso de cookies en Safari<\/p>\n<p>Muchos navegadores le permiten activar un modo privado por el cual las cookies siempre se eliminan despu\u00e9s de su visita. Dependiendo del navegador, este modo privado puede tener diferentes nombres. A continuaci\u00f3n encontrar\u00e1 una lista de los navegadores m\u00e1s comunes y los diferentes nombres de este &#8220;modo privado&#8221;:<\/p>\n<p>Internet Explorer 8 y superiores: Privado<br \/>\nSafari 2 y superiores; Navegaci\u00f3n privada<br \/>\nOpera 10.5 y superiores; Navegaci\u00f3n privada<br \/>\nFireFox 3.5 y superiores; Navegaci\u00f3n privada<br \/>\nGoogle Chrome 10 y superiores; Inc\u00f3gnito<\/p>\n<p>Lista y descripci\u00f3n de las cookies:<\/p>\n<p>Las siguientes tablas describen las cookies descritas anteriormente y utilizadas en el sitio web:<br \/>\nNombre de la cookie Dominio de la cookie Caduca (sesi\u00f3n, permanente)<br \/>\nUso de cookie (Obligatoria-Funcional-Anal\u00edtica-Terceros\/Publicidad)<br \/>\n2 a\u00f1os Cookies anal\u00edticas (Google Analytics): Almacena el n\u00famero de visitas de cada usuario, el tiempo de la primera visita, la visita anterior y la visita actual.<br \/>\nCookies anal\u00edticas de sesi\u00f3n (Google Analytics): Se utilizan para comprobar aproximadamente cu\u00e1nto tiempo permanece en un sitio.<br \/>\n_utmc elsacramento.com Cookies anal\u00edticas de sesi\u00f3n (Google Analytics): Sirven para comprobar aproximadamente cu\u00e1nto tiempo permaneces en un sitio<br \/>\n6 meses Cookies anal\u00edticas (Google Analytics): Sitios de donde provino un visitante (motor de b\u00fasqueda, palabra clave de b\u00fasqueda, enlace)<br \/>\n_ga elsacramento.com 2 a\u00f1os Cookies anal\u00edticas (Google Analytics): Utiliza un identificador an\u00f3nimo para distinguir usuarios an\u00f3nimos y realizar an\u00e1lisis de las interacciones de los usuarios en la aplicaci\u00f3n con el fin de optimizar los servicios ofrecidos.<br \/>\n10 minutos desde su creaci\u00f3n o modificaci\u00f3n Cookies anal\u00edticas (Google Analytics): Se utilizan para diferenciar los diferentes objetos de seguimiento creados en la sesi\u00f3n. La cookie se crea al cargar la librer\u00eda javascript y no existe una versi\u00f3n anterior de la cookie _gat. La cookie se actualiza cada vez que env\u00eda datos a Google Analytics.<br \/>\n3 meses Utilizado por Facebook para ofrecer una variedad de productos publicitarios, como ofertas en tiempo real de anunciantes externos.<br \/>\nEl prop\u00f3sito principal de esta cookie es: orientaci\u00f3n \/ publicidad.<br \/>\nhjIncludedInSample elsacramento.com Cookie de sesi\u00f3n utilizada para la medici\u00f3n y an\u00e1lisis del tr\u00e1fico web.<br \/>\ncdp-cookies-plugin-wp elsacramento.com 1 a\u00f1o Guarda la opci\u00f3n de guardar o no cookies en el navegador.<\/p>\n<p>El prop\u00f3sito principal de esta cookie es: orientaci\u00f3n \/ publicidad.<br \/>\ntfw_exp Twitter.com 15 d\u00edas Interacci\u00f3n t\u00e9cnica y social<br \/>\ndatr Facebook.com 18 meses Integra la web con Facebook y detecta el n\u00famero de &#8220;me gusta&#8221; o si el Usuario est\u00e1 logueado.<br \/>\nfr Facebook.com 3 meses Seguimiento de usuarios no conectados a Facebook<br \/>\nsb Facebook.com 18 meses Recopila informaci\u00f3n estad\u00edstica.<\/p>\n<p>Para saber m\u00e1s sobre las cookies de Google Analytics puede visitar la siguiente p\u00e1gina: https:\/\/policies.google.com\/technologies\/cookies?hl=es. Puede deshabilitar las cookies de Google Analytics a trav\u00e9s del siguiente enlace: https:\/\/tools.google.com\/dlpage\/gaoptout.<br \/>\nEn este sitio web encontrar\u00e1 informaci\u00f3n sobre c\u00f3mo funciona la publicidad comportamental, informaci\u00f3n sobre las cookies y las medidas que puede tomar para proteger su privacidad en Internet: http:\/\/www.youronlinechoices.com\/es\/. Para m\u00e1s informaci\u00f3n sobre las cookies y sus derechos como usuario puede consultar la Gu\u00eda sobre el uso de las cookies elaborada por la Agencia Espa\u00f1ola de Protecci\u00f3n de Datos:<br \/>\nhttp:\/\/www.interior.gob.es\/documents\/10180\/13073\/Guia_Cookies.pdf\/7c72c988-1e55-42b5-aeee-f7c46a319903.[\/vc_column_text][\/vc_column][\/vc_row]<\/p>\n<\/section>","protected":false},"excerpt":{"rendered":"<p>[vc_row][vc_column][vc_column_text]El dominio www.elsacramento.com utiliza procedimientos de recogida autom\u00e1tica (Cookies) para recabar informaci\u00f3n de car\u00e1cter personal como el tipo de navegador o sistema operativo, p\u00e1gina de referencia, ruta, dominio ISP (Internet Service Provider), etc. todo ello con el fin de mejorar los servicios prestados. Las cookies [&hellip;]<\/p>\n","protected":false},"author":1,"featured_media":0,"parent":0,"menu_order":0,"comment_status":"closed","ping_status":"closed","template":"","meta":{"_mi_skip_tracking":false,"_monsterinsights_sitenote_active":false,"_monsterinsights_sitenote_note":"","_monsterinsights_sitenote_category":0},"yoast_head":"<!-- This site is optimized with the Yoast SEO plugin v20.10 - https:\/\/yoast.com\/wordpress\/plugins\/seo\/ -->\n<title>Cookies policy - Vi\u00f1as Leizaola<\/title>\n<meta name=\"robots\" content=\"index, follow, max-snippet:-1, max-image-preview:large, max-video-preview:-1\" \/>\n<link rel=\"canonical\" href=\"https:\/\/www.elsacramento.com\/en\/politica-de-cookies\/\" \/>\n<meta property=\"og:locale\" content=\"en_US\" \/>\n<meta property=\"og:type\" content=\"article\" \/>\n<meta property=\"og:title\" content=\"Cookies policy - Vi\u00f1as Leizaola\" \/>\n<meta property=\"og:description\" content=\"[vc_row][vc_column][vc_column_text]El dominio www.elsacramento.com utiliza procedimientos de recogida autom\u00e1tica (Cookies) para recabar informaci\u00f3n de car\u00e1cter personal como el tipo de navegador o sistema operativo, p\u00e1gina de referencia, ruta, dominio ISP (Internet Service Provider), etc. todo ello con el fin de mejorar los servicios prestados. Las cookies [&hellip;]\" \/>\n<meta property=\"og:url\" content=\"https:\/\/www.elsacramento.com\/politica-de-cookies\/\" \/>\n<meta property=\"og:site_name\" content=\"Vi\u00f1as Leizaola\" \/>\n<meta property=\"article:modified_time\" content=\"2022-02-07T08:45:54+00:00\" \/>\n<meta name=\"twitter:card\" content=\"summary_large_image\" \/>\n<meta name=\"twitter:label1\" content=\"Est. reading time\" \/>\n\t<meta name=\"twitter:data1\" content=\"8 minutes\" \/>\n<script type=\"application\/ld+json\" class=\"yoast-schema-graph\">{\"@context\":\"https:\/\/schema.org\",\"@graph\":[{\"@type\":\"WebPage\",\"@id\":\"https:\/\/www.elsacramento.com\/politica-de-cookies\/\",\"url\":\"https:\/\/www.elsacramento.com\/politica-de-cookies\/\",\"name\":\"Cookies policy - Vi\u00f1as Leizaola\",\"isPartOf\":{\"@id\":\"https:\/\/www.elsacramento.com\/#website\"},\"datePublished\":\"2021-01-13T11:30:58+00:00\",\"dateModified\":\"2022-02-07T08:45:54+00:00\",\"inLanguage\":\"en-US\",\"potentialAction\":[{\"@type\":\"ReadAction\",\"target\":[\"https:\/\/www.elsacramento.com\/politica-de-cookies\/\"]}]},{\"@type\":\"WebSite\",\"@id\":\"https:\/\/www.elsacramento.com\/#website\",\"url\":\"https:\/\/www.elsacramento.com\/\",\"name\":\"Vi\u00f1as Leizaola\",\"description\":\"Finca El Sacramento\",\"potentialAction\":[{\"@type\":\"SearchAction\",\"target\":{\"@type\":\"EntryPoint\",\"urlTemplate\":\"https:\/\/www.elsacramento.com\/?s={search_term_string}\"},\"query-input\":\"required name=search_term_string\"}],\"inLanguage\":\"en-US\"}]}<\/script>\n<!-- \/ Yoast SEO plugin. -->","yoast_head_json":{"title":"Cookies policy - Vi\u00f1as Leizaola","robots":{"index":"index","follow":"follow","max-snippet":"max-snippet:-1","max-image-preview":"max-image-preview:large","max-video-preview":"max-video-preview:-1"},"canonical":"https:\/\/www.elsacramento.com\/en\/politica-de-cookies\/","og_locale":"en_US","og_type":"article","og_title":"Cookies policy - Vi\u00f1as Leizaola","og_description":"[vc_row][vc_column][vc_column_text]El dominio www.elsacramento.com utiliza procedimientos de recogida autom\u00e1tica (Cookies) para recabar informaci\u00f3n de car\u00e1cter personal como el tipo de navegador o sistema operativo, p\u00e1gina de referencia, ruta, dominio ISP (Internet Service Provider), etc. todo ello con el fin de mejorar los servicios prestados. Las cookies [&hellip;]","og_url":"https:\/\/www.elsacramento.com\/politica-de-cookies\/","og_site_name":"Vi\u00f1as Leizaola","article_modified_time":"2022-02-07T08:45:54+00:00","twitter_card":"summary_large_image","twitter_misc":{"Est. reading time":"8 minutes"},"schema":{"@context":"https:\/\/schema.org","@graph":[{"@type":"WebPage","@id":"https:\/\/www.elsacramento.com\/politica-de-cookies\/","url":"https:\/\/www.elsacramento.com\/politica-de-cookies\/","name":"Cookies policy - Vi\u00f1as Leizaola","isPartOf":{"@id":"https:\/\/www.elsacramento.com\/#website"},"datePublished":"2021-01-13T11:30:58+00:00","dateModified":"2022-02-07T08:45:54+00:00","inLanguage":"en-US","potentialAction":[{"@type":"ReadAction","target":["https:\/\/www.elsacramento.com\/politica-de-cookies\/"]}]},{"@type":"WebSite","@id":"https:\/\/www.elsacramento.com\/#website","url":"https:\/\/www.elsacramento.com\/","name":"Vi\u00f1as Leizaola","description":"Finca El Sacramento","potentialAction":[{"@type":"SearchAction","target":{"@type":"EntryPoint","urlTemplate":"https:\/\/www.elsacramento.com\/?s={search_term_string}"},"query-input":"required name=search_term_string"}],"inLanguage":"en-US"}]}},"_links":{"self":[{"href":"https:\/\/www.elsacramento.com\/en\/wp-json\/wp\/v2\/pages\/12603"}],"collection":[{"href":"https:\/\/www.elsacramento.com\/en\/wp-json\/wp\/v2\/pages"}],"about":[{"href":"https:\/\/www.elsacramento.com\/en\/wp-json\/wp\/v2\/types\/page"}],"author":[{"embeddable":true,"href":"https:\/\/www.elsacramento.com\/en\/wp-json\/wp\/v2\/users\/1"}],"replies":[{"embeddable":true,"href":"https:\/\/www.elsacramento.com\/en\/wp-json\/wp\/v2\/comments?post=12603"}],"version-history":[{"count":0,"href":"https:\/\/www.elsacramento.com\/en\/wp-json\/wp\/v2\/pages\/12603\/revisions"}],"wp:attachment":[{"href":"https:\/\/www.elsacramento.com\/en\/wp-json\/wp\/v2\/media?parent=12603"}],"curies":[{"name":"wp","href":"https:\/\/api.w.org\/{rel}","templated":true}]}}